{"id":731,"date":"2024-04-25T00:18:02","date_gmt":"2024-04-24T16:18:02","guid":{"rendered":"https:\/\/www.stylnafali.com\/?post_type=product&#038;p=731"},"modified":"2024-06-08T16:07:17","modified_gmt":"2024-06-08T08:07:17","slug":"basic-color-analysis","status":"publish","type":"product","link":"https:\/\/www.stylnafali.com\/pl\/produkt\/basic-color-analysis\/","title":{"rendered":"Podstawowa Analiza Kolorystyczna"},"content":{"rendered":"<h1>Podstawowa analiza kolorystyczna online \u2013 dla kogo?<\/h1>\n<p>Znalezienie czasu na spotkanie mo\u017ce by\u0107 trudne. Ta <b>podstawowa <\/b>analiza kolor\u00f3w online zapewnia elastyczno\u015b\u0107 w znajdowaniu idealnej palety kolor\u00f3w, kiedy tylko Ci odpowiada.<\/p>\n<p>Dzi\u0119ki analizie online mo\u017cesz porzuci\u0107 dramaturgi\u0119 planowania i odkry\u0107 swoje idealne kolory w zaciszu swojej kanapy! \ufe0f<\/p>\n<h3><strong>Obejmuje:<\/strong><\/h3>\n<h4>Dostarczony zostanie szczeg\u00f3\u0142owy przewodnik po kolorach i stylach sk\u0142adaj\u0105cy si\u0119 z 15\u201320 stron.<\/h4>\n<ol>\n<li>Sezonowa analiza kolorystyczna<\/li>\n<li>Analiza trend\u00f3w<\/li>\n<li>Przegl\u0105d garderoby<\/li>\n<li>Zalecenia na:<\/li>\n<\/ol>\n<ul>\n<li>Stroje<\/li>\n<li>Akcesoria:<\/li>\n<\/ul>","protected":false},"excerpt":{"rendered":"<p data-sourcepos=\"3:1-3:65\"><strong>Uwolnij sw\u00f3j wewn\u0119trzny blask: odkryj idealn\u0105 palet\u0119 kolor\u00f3w!<\/strong><\/p>\n<p data-sourcepos=\"5:1-5:227\" class=\" translation-block\">Porzu\u0107 zgadywanie \u2013 analiza kolor\u00f3w online poka\u017ce, jakie kolory Ci\u0119 wyr\u00f3\u017cniaj\u0105 !  Dowiedz si\u0119, kt\u00f3re odcienie przyj\u0105\u0107 , a kt\u00f3re porzuci\u0107 . Wygl\u0105daj <strong>\u015bwie\u017co, promiennie<\/strong> i po prostu <strong>osza\u0142amiaj\u0105co<\/strong> \u2013 a wszystko to bez wstawania z kanapy!<\/p>","protected":false},"featured_media":733,"comment_status":"closed","ping_status":"closed","template":"","meta":[],"product_cat":[29],"product_tag":[79],"class_list":{"0":"post-731","1":"product","2":"type-product","3":"status-publish","4":"has-post-thumbnail","6":"product_cat-services","7":"product_tag-79","9":"first","10":"instock","11":"virtual","12":"sold-individually","13":"purchasable","14":"product-type-simple"},"jetpack_sharing_enabled":true,"_links":{"self":[{"href":"https:\/\/www.stylnafali.com\/pl\/wp-json\/wp\/v2\/product\/731","targetHints":{"allow":["GET"]}}],"collection":[{"href":"https:\/\/www.stylnafali.com\/pl\/wp-json\/wp\/v2\/product"}],"about":[{"href":"https:\/\/www.stylnafali.com\/pl\/wp-json\/wp\/v2\/types\/product"}],"replies":[{"embeddable":true,"href":"https:\/\/www.stylnafali.com\/pl\/wp-json\/wp\/v2\/comments?post=731"}],"wp:featuredmedia":[{"embeddable":true,"href":"https:\/\/www.stylnafali.com\/pl\/wp-json\/wp\/v2\/media\/733"}],"wp:attachment":[{"href":"https:\/\/www.stylnafali.com\/pl\/wp-json\/wp\/v2\/media?parent=731"}],"wp:term":[{"taxonomy":"product_cat","embeddable":true,"href":"https:\/\/www.stylnafali.com\/pl\/wp-json\/wp\/v2\/product_cat?post=731"},{"taxonomy":"product_tag","embeddable":true,"href":"https:\/\/www.stylnafali.com\/pl\/wp-json\/wp\/v2\/product_tag?post=731"}],"curies":[{"name":"wp","href":"https:\/\/api.w.org\/{rel}","templated":true}]}}