{"id":667,"date":"2024-04-23T22:28:13","date_gmt":"2024-04-23T14:28:13","guid":{"rendered":"https:\/\/www.stylnafali.com\/?post_type=product&#038;p=667"},"modified":"2024-06-08T16:20:47","modified_gmt":"2024-06-08T08:20:47","slug":"comprehensive-color-analysis","status":"publish","type":"product","link":"https:\/\/www.stylnafali.com\/pl\/produkt\/comprehensive-color-analysis\/","title":{"rendered":"Kompleksowa Analiza Kolorystyczna"},"content":{"rendered":"<h1>Kompleksowa analiza kolorystyczna online \u2013 dla kogo?<\/h1>\n<p>Znalezienie czasu na spotkanie mo\u017ce by\u0107 trudne. Ta <strong>kompleksowa<\/strong> analiza kolor\u00f3w online zapewnia elastyczno\u015b\u0107 w znajdowaniu idealnej palety kolor\u00f3w, kiedy tylko Ci odpowiada.<\/p>\n<p>Dzi\u0119ki analizie online mo\u017cesz porzuci\u0107 dramaturgi\u0119 planowania i odkry\u0107 swoje idealne kolory w zaciszu swojej kanapy! \ufe0f<\/p>\n<h3><strong>Obejmuje:<\/strong><\/h3>\n<h4>Dostarczony zostanie szczeg\u00f3\u0142owy przewodnik po kolorach i stylach sk\u0142adaj\u0105cy si\u0119 z 40\u201360 stron.<\/h4>\n<ol>\n<li>Sezonowa analiza kolorystyczna<\/li>\n<li>Analiza trend\u00f3w<\/li>\n<li>Przegl\u0105d garderoby<\/li>\n<li>Zalecenia na:<\/li>\n<\/ol>\n<ul>\n<li>Stroje<\/li>\n<li>Akcesoria:<\/li>\n<li>Obuwie<\/li>\n<li>Makija\u017c<\/li>\n<li>Kolor w\u0142os\u00f3w<\/li>\n<\/ul>\n<h4><\/h4>\n<h4><strong>Dodatkowe<\/strong> dodatki:<\/h4>\n<ol>\n<li data-sourcepos=\"21:1-21:178\"><strong>Spersonalizowany styl i porady dotycz\u0105ce zakup\u00f3w:<\/strong>\u00a0Nigdy wi\u0119cej nie czuj si\u0119 zagubiony w sklepie odzie\u017cowym! Uzyskaj sta\u0142e wsparcie i spersonalizowane porady dotycz\u0105ce zakup\u00f3w, kt\u00f3re pomog\u0105 Ci znale\u017a\u0107 idealne produkty.<\/li>\n<li data-sourcepos=\"22:1-23:0\"><strong>Ekskluzywna spo\u0142eczno\u015b\u0107 \u201eFani kolor\u00f3w\u201d:<\/strong>\u00a0Do\u0142\u0105cz do naszej t\u0119tni\u0105cej \u017cyciem spo\u0142eczno\u015bci entuzjast\u00f3w stylu! Dziel si\u0119 do\u015bwiadczeniami, otrzymuj bie\u017c\u0105ce aktualizacje i inspiruj si\u0119 od innych cz\u0142onk\u00f3w.<\/li>\n<\/ol>\n<p>&nbsp;<\/p>","protected":false},"excerpt":{"rendered":"<p data-sourcepos=\"3:1-3:65\"><strong>Uwolnij sw\u00f3j wewn\u0119trzny blask: odkryj idealn\u0105 palet\u0119 kolor\u00f3w!<\/strong><\/p>\n<p data-sourcepos=\"5:1-5:227\" class=\" translation-block\">Porzu\u0107 zgadywanie \u2013 analiza kolor\u00f3w online poka\u017ce, jakie kolory Ci\u0119 wyr\u00f3\u017cniaj\u0105 !  Dowiedz si\u0119, kt\u00f3re odcienie przyj\u0105\u0107 , a kt\u00f3re porzuci\u0107 . Wygl\u0105daj <strong>\u015bwie\u017co, promiennie<\/strong> i po prostu <strong>osza\u0142amiaj\u0105co<\/strong> \u2013 a wszystko to bez wstawania z kanapy!<\/p>","protected":false},"featured_media":679,"comment_status":"closed","ping_status":"closed","template":"","meta":[],"product_cat":[29],"product_tag":[79],"class_list":{"0":"post-667","1":"product","2":"type-product","3":"status-publish","4":"has-post-thumbnail","6":"product_cat-services","7":"product_tag-79","9":"first","10":"instock","11":"virtual","12":"sold-individually","13":"purchasable","14":"product-type-simple"},"jetpack_sharing_enabled":true,"_links":{"self":[{"href":"https:\/\/www.stylnafali.com\/pl\/wp-json\/wp\/v2\/product\/667","targetHints":{"allow":["GET"]}}],"collection":[{"href":"https:\/\/www.stylnafali.com\/pl\/wp-json\/wp\/v2\/product"}],"about":[{"href":"https:\/\/www.stylnafali.com\/pl\/wp-json\/wp\/v2\/types\/product"}],"replies":[{"embeddable":true,"href":"https:\/\/www.stylnafali.com\/pl\/wp-json\/wp\/v2\/comments?post=667"}],"wp:featuredmedia":[{"embeddable":true,"href":"https:\/\/www.stylnafali.com\/pl\/wp-json\/wp\/v2\/media\/679"}],"wp:attachment":[{"href":"https:\/\/www.stylnafali.com\/pl\/wp-json\/wp\/v2\/media?parent=667"}],"wp:term":[{"taxonomy":"product_cat","embeddable":true,"href":"https:\/\/www.stylnafali.com\/pl\/wp-json\/wp\/v2\/product_cat?post=667"},{"taxonomy":"product_tag","embeddable":true,"href":"https:\/\/www.stylnafali.com\/pl\/wp-json\/wp\/v2\/product_tag?post=667"}],"curies":[{"name":"wp","href":"https:\/\/api.w.org\/{rel}","templated":true}]}}