{"id":994,"date":"2024-05-04T14:07:50","date_gmt":"2024-05-04T06:07:50","guid":{"rendered":"https:\/\/www.stylnafali.com\/?page_id=994"},"modified":"2024-05-18T23:04:31","modified_gmt":"2024-05-18T15:04:31","slug":"disclaimer","status":"publish","type":"page","link":"https:\/\/www.stylnafali.com\/pl\/disclaimer\/","title":{"rendered":"Zasady i Warunki"},"content":{"rendered":"<div data-elementor-type=\"wp-page\" data-elementor-id=\"994\" class=\"elementor elementor-994\" data-elementor-post-type=\"page\">\n\t\t\t\t<div class=\"elementor-element elementor-element-7a0e7a7 e-flex e-con-boxed e-con e-parent\" data-id=\"7a0e7a7\" data-element_type=\"container\" data-e-type=\"container\">\n\t\t\t\t\t<div class=\"e-con-inner\">\n\t\t\t\t<div class=\"elementor-element elementor-element-bfffa65 elementor-widget elementor-widget-heading\" data-id=\"bfffa65\" data-element_type=\"widget\" data-e-type=\"widget\" data-widget_type=\"heading.default\">\n\t\t\t\t<div class=\"elementor-widget-container\">\n\t\t\t\t\t<h2 class=\"elementor-heading-title elementor-size-default\">Regulamin<\/h2>\t\t\t\t<\/div>\n\t\t\t\t<\/div>\n\t\t\t\t\t<\/div>\n\t\t\t\t<\/div>\n\t\t<div class=\"elementor-element elementor-element-0ff7d03 e-flex e-con-boxed e-con e-parent\" data-id=\"0ff7d03\" data-element_type=\"container\" data-e-type=\"container\">\n\t\t\t\t\t<div class=\"e-con-inner\">\n\t\t\t\t<div class=\"elementor-element elementor-element-dad9c0a elementor-widget elementor-widget-text-editor\" data-id=\"dad9c0a\" data-element_type=\"widget\" data-e-type=\"widget\" data-widget_type=\"text-editor.default\">\n\t\t\t\t<div class=\"elementor-widget-container\">\n\t\t\t\t\t\t\t\t\t<h2 contenteditable=\"true\" data-elementor-setting-key=\"title\" data-pen-placeholder=\"Type Here...\">Zastrze\u017cenie<\/h2><p>Nasza strona internetowa i powi\u0105zane materia\u0142y s\u0142u\u017c\u0105 wy\u0142\u0105cznie celom edukacyjnym i informacyjnym. Zgadzasz si\u0119 zabezpieczy\u0107 i chroni\u0107 nasz\u0105 witryn\u0119 internetow\u0105 i firm\u0119 przed wszelkimi bezpo\u015brednimi lub po\u015brednimi stratami lub zachowaniem poniesionymi w wyniku korzystania z naszej witryny internetowej i wszelkiej powi\u0105zanej komunikacji, w tym w wyniku wszelkich konsekwencji poniesionych w wyniku awarii technologicznych, takich jak procesor p\u0142atno\u015bci b\u0142\u0119dy lub awarie systemu.<\/p><p>Chocia\u017c na tej stronie internetowej mo\u017cemy odwo\u0142ywa\u0107 si\u0119 do pewnych wynik\u00f3w, wynik\u00f3w lub sytuacji, rozumiesz i potwierdzasz, \u017ce nie gwarantujemy dok\u0142adno\u015bci zawartych w niniejszym dokumencie o\u015bwiadcze\u0144 stron trzecich ani prawdopodobie\u0144stwa powodzenia dla Ciebie w wyniku tych o\u015bwiadcze\u0144 lub jakichkolwiek innych o\u015bwiadczenia w dowolnym miejscu tej witryny. Je\u015bli masz pytania medyczne, prawne lub finansowe, powiniene\u015b skonsultowa\u0107 si\u0119 ze specjalist\u0105 medycznym, prawnikiem lub odpowiednio Ksi\u0119gowym i\/lub CFP. Wyra\u017anie zrzekamy si\u0119 wszelkiej odpowiedzialno\u015bci za jakiekolwiek dzia\u0142ania lub zaniechania, kt\u00f3re zdecydujesz si\u0119 podj\u0105\u0107 w wyniku korzystania z tej witryny, powi\u0105zanych materia\u0142\u00f3w, produkt\u00f3w, kurs\u00f3w lub materia\u0142\u00f3w w niej zawartych.<\/p><p>Niniejsza witryna internetowa jest regularnie aktualizowana i chocia\u017c staramy si\u0119 sk\u0142ada\u0107 dok\u0142adne o\u015bwiadczenia w spos\u00f3b terminowy i skuteczny, nie mo\u017cemy zagwarantowa\u0107, \u017ce wszystkie zawarte w niej materia\u0142y i powi\u0105zane media s\u0105 ca\u0142kowicie dok\u0142adne, kompletne i aktualne. Wyra\u017anie potwierdzasz i rozumiesz, \u017ce wszelkie informacje lub wiedza, kt\u00f3re uzyskasz w wyniku korzystania z tej witryny, wykorzystywane s\u0105 na Twoje w\u0142asne ryzyko. Je\u015bli zauwa\u017cysz jakie\u015b b\u0142\u0119dy lub pomini\u0119cia i chcesz nas o tym poinformowa\u0107, napisz do nas na adres info@stylnafali.com<\/p>\t\t\t\t\t\t\t\t<\/div>\n\t\t\t\t<\/div>\n\t\t\t\t<div class=\"elementor-element elementor-element-ad5abe7 elementor-widget elementor-widget-text-editor\" data-id=\"ad5abe7\" data-element_type=\"widget\" data-e-type=\"widget\" data-widget_type=\"text-editor.default\">\n\t\t\t\t<div class=\"elementor-widget-container\">\n\t\t\t\t\t\t\t\t\t<h2 contenteditable=\"true\" data-elementor-setting-key=\"title\" data-pen-placeholder=\"Type Here...\">Zastrze\u017cenie strony trzeciej<\/h2><p style=\"letter-spacing: 0.4px;\">U\u017cytkownik przyjmuje do wiadomo\u015bci i zgadza si\u0119, \u017ce nie ponosimy odpowiedzialno\u015bci za jakiekolwiek znies\u0142awiaj\u0105ce, obra\u017aliwe lub nielegalne zachowanie jakiegokolwiek innego uczestnika lub u\u017cytkownika, w tym Ciebie.<\/p>\t\t\t\t\t\t\t\t<\/div>\n\t\t\t\t<\/div>\n\t\t\t\t<div class=\"elementor-element elementor-element-b525291 elementor-widget elementor-widget-text-editor\" data-id=\"b525291\" data-element_type=\"widget\" data-e-type=\"widget\" data-widget_type=\"text-editor.default\">\n\t\t\t\t<div class=\"elementor-widget-container\">\n\t\t\t\t\t\t\t\t\t<h2 contenteditable=\"true\" data-elementor-setting-key=\"title\" data-pen-placeholder=\"Type Here...\">Zastrze\u017cenie dotycz\u0105ce gwarancji\u00a0<\/h2><p>Nie udzielamy \u017cadnych gwarancji w odniesieniu do naszych program\u00f3w, produkt\u00f3w, us\u0142ug lub materia\u0142\u00f3w programowych. zgadzasz si\u0119, \u017ce programy, produkty, us\u0142ugi lub materia\u0142y programowe s\u0105 dostarczane \u201etakie, jakie s\u0105\u201d i bez jakichkolwiek gwarancji, wyra\u017anych lub dorozumianych. W najszerszym zakresie dozwolonym przez obowi\u0105zuj\u0105ce prawo zrzekamy si\u0119 wszelkich gwarancji, wyra\u017anych lub dorozumianych, w tym mi\u0119dzy innymi dorozumianych gwarancji warto\u015bci handlowej, przydatno\u015bci do okre\u015blonego celu i nienaruszania praw. Nie gwarantujemy, \u017ce programy, produkty, us\u0142ugi lub materia\u0142y programowe b\u0119d\u0105 funkcjonalne, nieprzerwane, poprawne, kompletne, odpowiednie lub wolne od b\u0142\u0119d\u00f3w, \u017ce defekty zostan\u0105 naprawione lub \u017ce jakakolwiek cz\u0119\u015b\u0107 witryny internetowej lub tre\u015bci b\u0119dzie bezp\u0142atna wirus\u00f3w lub innych szkodliwych sk\u0142adnik\u00f3w. Nie gwarantujemy ani nie sk\u0142adamy \u017cadnych o\u015bwiadcze\u0144 dotycz\u0105cych wykorzystania lub wynik\u00f3w wykorzystania naszych materia\u0142\u00f3w dotycz\u0105cych program\u00f3w, produkt\u00f3w lub us\u0142ug lub na stronach internetowych os\u00f3b trzecich pod wzgl\u0119dem ich poprawno\u015bci, dok\u0142adno\u015bci, aktualno\u015bci, niezawodno\u015bci lub w inny spos\u00f3b.<\/p>\t\t\t\t\t\t\t\t<\/div>\n\t\t\t\t<\/div>\n\t\t\t\t<div class=\"elementor-element elementor-element-21f2178 elementor-widget elementor-widget-text-editor\" data-id=\"21f2178\" data-element_type=\"widget\" data-e-type=\"widget\" data-widget_type=\"text-editor.default\">\n\t\t\t\t<div class=\"elementor-widget-container\">\n\t\t\t\t\t\t\t\t\t<h2 contenteditable=\"true\" data-elementor-setting-key=\"title\" data-pen-placeholder=\"Type Here...\">Partnerzy<\/h2><p>Ta witryna mo\u017ce wykorzystywa\u0107 linki partnerskie do sprzeda\u017cy niekt\u00f3rych produkt\u00f3w lub us\u0142ug. Zrzekamy si\u0119 wszelkiej odpowiedzialno\u015bci wynikaj\u0105cej z zakupu za po\u015brednictwem jednego z tych \u0142\u0105czy. Do\u0142o\u017cymy uzasadnionych stara\u0144, aby powiadomi\u0107 Ci\u0119, kiedy i gdzie umie\u015bcili\u015bmy linki partnerskie opr\u00f3cz niniejszego zastrze\u017cenia zawartego w niniejszych Warunkach. Przyjmujesz wyra\u017an\u0105 odpowiedzialno\u015b\u0107 za wszelkie konsekwencje lub korzy\u015bci wynikaj\u0105ce z klikni\u0119cia link\u00f3w partnerskich zawartych na tej stronie lub zwi\u0105zanych z ni\u0105 komunikat\u00f3w.<\/p>\t\t\t\t\t\t\t\t<\/div>\n\t\t\t\t<\/div>\n\t\t\t\t<div class=\"elementor-element elementor-element-fc89733 elementor-widget elementor-widget-text-editor\" data-id=\"fc89733\" data-element_type=\"widget\" data-e-type=\"widget\" data-widget_type=\"text-editor.default\">\n\t\t\t\t<div class=\"elementor-widget-container\">\n\t\t\t\t\t\t\t\t\t<h2 contenteditable=\"true\" data-elementor-setting-key=\"title\" data-pen-placeholder=\"Type Here...\">Zako\u0144czenie<\/h2><p>Je\u015bli w dowolnym momencie uznamy, \u017ce naruszy\u0142e\u015b niniejsze Warunki, natychmiast zaprzestaniemy korzystania przez Ciebie z naszej witryny internetowej i wszelkiej powi\u0105zanej komunikacji, je\u015bli uznamy to za stosowne. Zezwolenie ka\u017cdemu u\u017cytkownikowi na dost\u0119p do naszej witryny internetowej le\u017cy w naszej wy\u0142\u0105cznej gestii i mo\u017cemy odwo\u0142a\u0107 ten dost\u0119p w dowolnym momencie bez uprzedzenia, a je\u015bli to konieczne, zablokowa\u0107 Tw\u00f3j adres IP przed dalszymi wizytami na naszych witrynach.<\/p>\t\t\t\t\t\t\t\t<\/div>\n\t\t\t\t<\/div>\n\t\t\t\t<div class=\"elementor-element elementor-element-fa1acfd elementor-widget elementor-widget-text-editor\" data-id=\"fa1acfd\" data-element_type=\"widget\" data-e-type=\"widget\" data-widget_type=\"text-editor.default\">\n\t\t\t\t<div class=\"elementor-widget-container\">\n\t\t\t\t\t\t\t\t\t<h2 contenteditable=\"true\" data-elementor-setting-key=\"title\" data-pen-placeholder=\"Type Here...\">Ca\u0142o\u015b\u0107 porozumienia<\/h2><p>Zanim zarejestrujesz si\u0119 na naszej stronie internetowej lub dokonasz w niej jakichkolwiek zakup\u00f3w, zostaniesz poproszony o wyra\u017cenie zgody na nasz\u0105 Polityk\u0119 prywatno\u015bci. Je\u015bli wyrazi\u0142e\u015b zgod\u0119 lub wyrazi\u0142e\u015b zgod\u0119 na warunki Polityki prywatno\u015bci wraz z niniejszymi Warunkami, informacje zawarte w niniejszym dokumencie stanowi\u0105 ca\u0142o\u015b\u0107 umowy pomi\u0119dzy u\u017cytkownikami witryny a nasz\u0105 firm\u0105 dotycz\u0105c\u0105 korzystania z tej witryny.<\/p>\t\t\t\t\t\t\t\t<\/div>\n\t\t\t\t<\/div>\n\t\t\t\t<div class=\"elementor-element elementor-element-e2bb8a6 elementor-widget elementor-widget-text-editor\" data-id=\"e2bb8a6\" data-element_type=\"widget\" data-e-type=\"widget\" data-widget_type=\"text-editor.default\">\n\t\t\t\t<div class=\"elementor-widget-container\">\n\t\t\t\t\t\t\t\t\t<h2 contenteditable=\"true\" data-elementor-setting-key=\"title\" data-pen-placeholder=\"Type Here...\">Zgoda<\/h2><p>Korzystaj\u0105c z naszej strony internetowej, wyra\u017casz zgod\u0119 na nasze Warunki u\u017cytkowania i Polityk\u0119 prywatno\u015bci.<\/p><p>Je\u015bli potrzebujesz wi\u0119cej informacji lub masz jakiekolwiek pytania dotycz\u0105ce naszych Warunk\u00f3w korzystania lub naszej Polityki prywatno\u015bci, skontaktuj si\u0119 z nami, wysy\u0142aj\u0105c e-mail na adres info@stylnafali.com<\/p>\t\t\t\t\t\t\t\t<\/div>\n\t\t\t\t<\/div>\n\t\t\t\t<div class=\"elementor-element elementor-element-1d47901 elementor-widget elementor-widget-text-editor\" data-id=\"1d47901\" data-element_type=\"widget\" data-e-type=\"widget\" data-widget_type=\"text-editor.default\">\n\t\t\t\t<div class=\"elementor-widget-container\">\n\t\t\t\t\t\t\t\t\t<h2 contenteditable=\"true\" data-elementor-setting-key=\"title\" data-pen-placeholder=\"Type Here...\">Wszelkie prawa zastrze\u017cone<\/h2><p>Wszelkie prawa, kt\u00f3re nie zosta\u0142y wyra\u017anie przyznane w niniejszych Warunkach Korzystania i Polityce Prywatno\u015bci lub w jakimkolwiek innym wyra\u017anie tutaj zapisanym, s\u0105 zastrze\u017cone przez Stylnafali i jego administrator\u00f3w\/operator\u00f3w danych.<\/p>\t\t\t\t\t\t\t\t<\/div>\n\t\t\t\t<\/div>\n\t\t\t\t<div class=\"elementor-element elementor-element-cdf8ba1 elementor-widget elementor-widget-text-editor\" data-id=\"cdf8ba1\" data-element_type=\"widget\" data-e-type=\"widget\" data-widget_type=\"text-editor.default\">\n\t\t\t\t<div class=\"elementor-widget-container\">\n\t\t\t\t\t\t\t\t\t<h2 contenteditable=\"true\" data-elementor-setting-key=\"title\" data-pen-placeholder=\"Type Here...\">Rozdzielno\u015b\u0107<\/h2>\n<p>Je\u015bli jakakolwiek cz\u0119\u015b\u0107 niniejszych Warunk\u00f3w u\u017cytkowania i Polityki prywatno\u015bci zostanie uznana za niezgodn\u0105 z prawem i\/lub niewykonaln\u0105, wszystkie pozosta\u0142e postanowienia zawarte w niniejszym dokumencie pozostan\u0105 w pe\u0142nej mocy.<\/p>\n<p>Aby skontaktowa\u0107 si\u0119 z administratorem, wy\u015blij e-mail na adres <span style=\"letter-spacing: 0.4px; color: var( --e-global-color-text ); font-family: var( --e-global-typography-text-font-family ), Sans-serif; font-size: var( --e-global-typography-text-font-size ); font-style: var( --e-global-typography-text-font-style ); font-weight: var( --e-global-typography-text-font-weight ); text-transform: var( --e-global-typography-text-text-transform ); word-spacing: var( --e-global-typography-text-word-spacing ); text-align: var(--text-align); background-color: var( --e-global-color-a69ce46 );\">info@stylnafali.com<\/span><\/p>\t\t\t\t\t\t\t\t<\/div>\n\t\t\t\t<\/div>\n\t\t\t\t\t<\/div>\n\t\t\t\t<\/div>\n\t\t\t\t<\/div>","protected":false},"excerpt":{"rendered":"<p>Terms and Conditions Disclaimer Our website and related materials are provided for educational and informational use only. You agree to indemnify and hold harmless Our website and company for any direct or indirect loss or conduct incurred as a result of Your use of Our website and any related communications, including as a result of [&hellip;]<\/p>","protected":false},"author":1,"featured_media":0,"parent":0,"menu_order":0,"comment_status":"closed","ping_status":"closed","template":"","meta":{"footnotes":""},"class_list":["post-994","page","type-page","status-publish","hentry"],"jetpack_sharing_enabled":true,"_links":{"self":[{"href":"https:\/\/www.stylnafali.com\/pl\/wp-json\/wp\/v2\/pages\/994","targetHints":{"allow":["GET"]}}],"collection":[{"href":"https:\/\/www.stylnafali.com\/pl\/wp-json\/wp\/v2\/pages"}],"about":[{"href":"https:\/\/www.stylnafali.com\/pl\/wp-json\/wp\/v2\/types\/page"}],"author":[{"embeddable":true,"href":"https:\/\/www.stylnafali.com\/pl\/wp-json\/wp\/v2\/users\/1"}],"replies":[{"embeddable":true,"href":"https:\/\/www.stylnafali.com\/pl\/wp-json\/wp\/v2\/comments?post=994"}],"version-history":[{"count":17,"href":"https:\/\/www.stylnafali.com\/pl\/wp-json\/wp\/v2\/pages\/994\/revisions"}],"predecessor-version":[{"id":1460,"href":"https:\/\/www.stylnafali.com\/pl\/wp-json\/wp\/v2\/pages\/994\/revisions\/1460"}],"wp:attachment":[{"href":"https:\/\/www.stylnafali.com\/pl\/wp-json\/wp\/v2\/media?parent=994"}],"curies":[{"name":"wp","href":"https:\/\/api.w.org\/{rel}","templated":true}]}}